{"id":276,"date":"2020-06-12T11:31:25","date_gmt":"2020-06-12T09:31:25","guid":{"rendered":"https:\/\/1000kmnuerburgring.de\/?page_id=276"},"modified":"2024-10-11T18:30:19","modified_gmt":"2024-10-11T16:30:19","slug":"impressum","status":"publish","type":"page","link":"https:\/\/1000kmnuerburgring.de\/en\/impressum\/","title":{"rendered":"Imprint"},"content":{"rendered":"<div data-elementor-type=\"wp-page\" data-elementor-id=\"276\" class=\"elementor elementor-276\">\n\t\t\t\t\t\t<section class=\"elementor-section elementor-top-section elementor-element elementor-element-276ffb15 elementor-section-boxed elementor-section-height-default elementor-section-height-default\" data-id=\"276ffb15\" data-element_type=\"section\" data-e-type=\"section\">\n\t\t\t\t\t\t<div class=\"elementor-container elementor-column-gap-default\">\n\t\t\t\t\t<div class=\"elementor-column elementor-col-100 elementor-top-column elementor-element elementor-element-7344e576\" data-id=\"7344e576\" data-element_type=\"column\" data-e-type=\"column\">\n\t\t\t<div class=\"elementor-widget-wrap elementor-element-populated\">\n\t\t\t\t\t\t<div class=\"elementor-element elementor-element-57f7893 elementor-widget elementor-widget-heading\" data-id=\"57f7893\" data-element_type=\"widget\" data-e-type=\"widget\" data-widget_type=\"heading.default\">\n\t\t\t\t<div class=\"elementor-widget-container\">\n\t\t\t\t\t<h1 class=\"elementor-heading-title elementor-size-default\">Imprint<\/h1>\t\t\t\t<\/div>\n\t\t\t\t<\/div>\n\t\t\t\t<div class=\"elementor-element elementor-element-cfa8434 elementor-widget elementor-widget-text-editor\" data-id=\"cfa8434\" data-element_type=\"widget\" data-e-type=\"widget\" data-widget_type=\"text-editor.default\">\n\t\t\t\t<div class=\"elementor-widget-container\">\n\t\t\t\t\t\t\t\t\t<p><strong>DAMC 05 Veranstaltungs-GmbH<\/strong><\/p><p>Motorworld K\u00f6ln<br \/>Butzweiler Stra\u00dfe 35-39<br \/>50829 K\u00f6ln<br \/>Deutschland<\/p><p>Telefon: +49 (0) 2236 39 59 660\u00a0 (09.00-18.00 Uhr)<\/p><p>Email: <a href=\"mailto:info@1000kmnuerburgring.de\">info@1000kmnuerburgring.de<\/a><br \/>Homepage: <a href=\"https:\/\/1000kmnuerburgring.de\/\">1000kmnuerburgring.de<\/a><\/p><p><strong>\u00a0<\/strong><\/p><p><strong>Gesch\u00e4ftsf\u00fchrer:<\/strong>\u00a0Henning Meyersrenken<br \/><strong>Gesch\u00e4ftsf\u00fchrer:<\/strong> Stefan Eckhardt<br \/><strong>Handelsregistergericht:<\/strong>\u00a0Amtsgericht K\u00f6ln HRB 35607<br \/><strong>Steuernummer:<\/strong>\u00a0219\/5854\/1103<\/p><p><strong>Ideeller Tr\u00e4ger:<\/strong><br \/>D\u00fcsseldorfer Automobil- und Motorsport-Club 05 e.V. im ADAC<br \/>Postfach 110122<br \/>D-40501 D\u00fcsseldorf<br \/>Ortsclub des ADAC Nordrhein e.V. K\u00f6ln<\/p><h3>Internet-Projektierung \/ Inhaltlich Verantwortlicher<br \/>gem\u00e4\u00df \u00a710 Absatz 3 MDStV:<\/h3><p>Henning Meyersrenken<br \/>Luxemburger Str. 150<br \/>50937 K\u00f6ln\u00a0<\/p><h3>Gestaltung &amp; Administration:<\/h3><p>Dipl. Grafik-Designer Ren\u00e9 Hey<br \/>Grafik-Design | Web-Design | Fotografie<\/p><p><a href=\"http:\/\/www.rene-hey.de\/\" target=\"_blank\" rel=\"noopener noreferrer\">www.rene-hey.de<\/a><\/p><h3>Haftungshinweis:<\/h3><p>Die DAMC 05 Veranstaltungs-GmbH ist als Dienstanbieter nach \u00a7 3 Nr.1, \u00a7 8 (1) des Teledienstgesetzes (TDG) (Stand 14.12.2001) f\u00fcr eigene Informationen, die zur Nutzung bereitgehalten werden, nach den allgemeinen Gesetzen verantwortlich.<\/p><p>Von diesen eigenen Inhalten sind Querverweise (&#8222;Links&#8220;) auf die von anderen Anbietern bereitgehaltenen Inhalte zu unterscheiden. Bei den \u00fcber &#8222;Links&#8220; \u00fcbermittelten oder gespeicherten Inhalte anderer Anbieter handelt es sich um fremde Informationen und nicht um eigene Inhalte der DAMC 05 Veranstaltungs-GmbH. Bei &#8222;Links&#8220; handelt es sich allerdings stets um &#8222;lebende&#8220; (dynamische) Verweisungen. Die DAMC 05 Veranstaltungs-GmbH hat bei der erstmaligen Verkn\u00fcpfung zwar den fremden Inhalt daraufhin \u00fcberpr\u00fcft, ob durch ihn eine m\u00f6gliche zivilrechtliche oder strafrechtliche Verantwortlichkeit ausgel\u00f6st wird. Nach dem TDG ist die DAMC 05 Veranstaltungs-GmbH als Dienstanbieter jedoch nicht verpflichtet, die von ihr \u00fcbermittelten oder gespeicherten Informationen zu \u00fcberwachen oder nach Umst\u00e4nden zu forschen, die auf eine rechtswidrige T\u00e4tigkeit hinweisen (\u00a78(2) TDG). Erst wenn festgestellt oder von anderen darauf hingewiesen wird, dass ein konkretes Angebot, zu dem ein Link bereitgestellt wurde, eine zivil- oder strafrechtliche Verantwortlichkeit ausl\u00f6sen kann, wird der Verweis auf dieses Angebot aufgehoben. Im Einzelnen regelt das TDG die Haftung des Diensteanbieters wie folgt:<\/p><p><strong>F\u00fcr die \u00dcbermittlung von fremden Informationen ist die DAMC 05 Veranstaltungs-GmbH nicht verantwortlich, wenn die DAMC 05 Veranstaltungs-GmbH<\/strong><\/p><ol><li>diese nicht veranlasst hat,<\/li><li>den Adressdaten der \u00fcbermittelten Information nicht ausgew\u00e4hlt hat und<\/li><li>die \u00fcbermittelten Informationen nicht ausgew\u00e4hlt oder ver\u00e4ndert hat (\u00a7 9(1) TDG)<\/li><\/ol><p><strong>\u00a0<\/strong><\/p><p><strong>Die DAMC 05 Veranstaltungs-GmbH ist f\u00fcr eine automatische, zeitlich begrenzte Zwischenspeicherung fremder Informationen nicht verantwortlich, wenn sie<\/strong><\/p><ol><li>die Informationen nicht ver\u00e4ndert,<\/li><li>die Bedingungen f\u00fcr den Zugang zu den Informationen beachtet,<\/li><li>die Regeln f\u00fcr die Aktualisierung der Information beachtet, die in weithin anerkannten und verwendeten Industriestandards festgelegt sind,<\/li><li>die erlaubte Anwendung von Technologien zur Sammlung von Daten \u00fcber die Nutzung der Information, die in weithin anerkannten und verwendeten Industriestandards festgelegt sind, nicht beeintr\u00e4chtigt und<\/li><li>unverz\u00fcglich handelt, um gespeicherte Informationen zu entfernen oder den Zugang zu ihnen zu sperren, sobald er Kenntnis davon erhalten hat, dass die Informationen am urspr\u00fcnglichen Ausgangsort der \u00dcbertragung aus dem Netz entfernt wurden oder der Zugang zu ihnen gesperrt wurde oder ein Gericht oder eine Verwaltungsbeh\u00f6rde die Entfernung oder Sperrung angeordnet hat (\u00a710 TDG).\u00a0<\/li><\/ol><h4>\u00a0<\/h4><p><strong>Die DAMC 05 Veranstaltungs-GmbH ist f\u00fcr fremde Informationen, die er f\u00fcr einen Nutzer speichert, nicht verantwortlich, sofern sie<\/strong><\/p><ol><li>keine Kenntnis von der rechtswidrigen Handlung oder der Information hat und ihm im Falle von Schadensersatzanspr\u00fcchen auch keine Tatsachen oder Umst\u00e4nde bekannt sind, aus denen die rechtswidrige Handlung oder die Information offensichtlich wird, oder<\/li><li>unverz\u00fcglich t\u00e4tig geworden ist, um die Information zu entfernen oder den Zugang zu ihr zu sperren, sobald er diese Kenntnis erlangt hat (\u00a7 11 TDG).<\/li><\/ol><p><!-- \/wp:heading --><\/p><p><!-- \/wp:heading --><\/p>\t\t\t\t\t\t\t\t<\/div>\n\t\t\t\t<\/div>\n\t\t\t\t\t<\/div>\n\t\t<\/div>\n\t\t\t\t\t<\/div>\n\t\t<\/section>\n\t\t\t\t<\/div>","protected":false},"excerpt":{"rendered":"<p>Impressum DAMC 05 Veranstaltungs-GmbHMotorworld K\u00f6lnButzweiler Stra\u00dfe 35-3950829 K\u00f6lnDeutschlandTelefon: +49 (0) 2236 39 59 660\u00a0 (09.00-18.00 Uhr)E-Mail: info@1000kmnuerburgring.deHomepage: 1000kmnuerburgring.de\u00a0Gesch\u00e4ftsf\u00fchrer:\u00a0Henning MeyersrenkenGesch\u00e4ftsf\u00fchrer: Stefan EckhardtHandelsregistergericht:\u00a0Amtsgericht K\u00f6ln HRB 35607Steuernummer:\u00a0219\/5854\/1103Ideeller Tr\u00e4ger:D\u00fcsseldorfer Automobil- und Motorsport-Club 05 e.V. im ADACPostfach 110122D-40501 D\u00fcsseldorfOrtsclub des ADAC Nordrhein e.V. K\u00f6lnInternet-Projektierung \/ Inhaltlich Verantwortlichergem\u00e4\u00df \u00a710 Absatz 3 MDStV:Henning MeyersrenkenLuxemburger Str. 15050937 K\u00f6ln\u00a0Gestaltung &amp; Administration:Dipl. Grafik-Designer Ren\u00e9 HeyGrafik-Design&hellip;&nbsp;<a href=\"https:\/\/1000kmnuerburgring.de\/en\/impressum\/\" rel=\"bookmark\">Read More &raquo;<span class=\"screen-reader-text\">Imprint<\/span><\/a><\/p>","protected":false},"author":1,"featured_media":0,"parent":0,"menu_order":0,"comment_status":"closed","ping_status":"open","template":"elementor_header_footer","meta":{"neve_meta_sidebar":"","neve_meta_container":"","neve_meta_enable_content_width":"off","neve_meta_content_width":0,"neve_meta_title_alignment":"","neve_meta_author_avatar":"","neve_post_elements_order":"","neve_meta_disable_header":"","neve_meta_disable_footer":"","neve_meta_disable_title":"","neve_meta_reading_time":"","ngg_post_thumbnail":0,"footnotes":""},"class_list":["post-276","page","type-page","status-publish","hentry"],"yoast_head":"<!-- This site is optimized with the Yoast SEO plugin v27.4 - https:\/\/yoast.com\/product\/yoast-seo-wordpress\/ -->\n<title>Impressum - 1000 km Rennen N\u00fcrburgring<\/title>\n<meta name=\"robots\" content=\"noindex, nofollow\" \/>\n<meta property=\"og:locale\" content=\"en_GB\" \/>\n<meta property=\"og:type\" content=\"article\" \/>\n<meta property=\"og:title\" content=\"Impressum - 1000 km Rennen N\u00fcrburgring\" \/>\n<meta property=\"og:description\" content=\"Impressum DAMC 05 Veranstaltungs-GmbHMotorworld K\u00f6lnButzweiler Stra\u00dfe 35-3950829 K\u00f6lnDeutschlandTelefon: +49 (0) 2236 39 59 660\u00a0 (09.00-18.00 Uhr)E-Mail: info@1000kmnuerburgring.deHomepage: 1000kmnuerburgring.de\u00a0Gesch\u00e4ftsf\u00fchrer:\u00a0Henning MeyersrenkenGesch\u00e4ftsf\u00fchrer: Stefan EckhardtHandelsregistergericht:\u00a0Amtsgericht K\u00f6ln HRB 35607Steuernummer:\u00a0219\/5854\/1103Ideeller Tr\u00e4ger:D\u00fcsseldorfer Automobil- und Motorsport-Club 05 e.V. im ADACPostfach 110122D-40501 D\u00fcsseldorfOrtsclub des ADAC Nordrhein e.V. K\u00f6lnInternet-Projektierung \/ Inhaltlich Verantwortlichergem\u00e4\u00df \u00a710 Absatz 3 MDStV:Henning MeyersrenkenLuxemburger Str. 15050937 K\u00f6ln\u00a0Gestaltung &amp; Administration:Dipl. Grafik-Designer Ren\u00e9 HeyGrafik-Design&hellip;&nbsp;Read More &raquo;Impressum\" \/>\n<meta property=\"og:url\" content=\"https:\/\/1000kmnuerburgring.de\/en\/impressum\/\" \/>\n<meta property=\"og:site_name\" content=\"1000 km Rennen N\u00fcrburgring\" \/>\n<meta property=\"article:publisher\" content=\"https:\/\/www.facebook.com\/1000kmnuerburgring\" \/>\n<meta property=\"article:modified_time\" content=\"2024-10-11T16:30:19+00:00\" \/>\n<script type=\"application\/ld+json\" class=\"yoast-schema-graph\">{\"@context\":\"https:\\\/\\\/schema.org\",\"@graph\":[{\"@type\":\"WebPage\",\"@id\":\"https:\\\/\\\/1000kmnuerburgring.de\\\/impressum\\\/\",\"url\":\"https:\\\/\\\/1000kmnuerburgring.de\\\/impressum\\\/\",\"name\":\"Impressum - 1000 km Rennen N\u00fcrburgring\",\"isPartOf\":{\"@id\":\"https:\\\/\\\/1000kmnuerburgring.de\\\/#website\"},\"datePublished\":\"2020-06-12T09:31:25+00:00\",\"dateModified\":\"2024-10-11T16:30:19+00:00\",\"breadcrumb\":{\"@id\":\"https:\\\/\\\/1000kmnuerburgring.de\\\/impressum\\\/#breadcrumb\"},\"inLanguage\":\"en-GB\",\"potentialAction\":[{\"@type\":\"ReadAction\",\"target\":[\"https:\\\/\\\/1000kmnuerburgring.de\\\/impressum\\\/\"]}]},{\"@type\":\"BreadcrumbList\",\"@id\":\"https:\\\/\\\/1000kmnuerburgring.de\\\/impressum\\\/#breadcrumb\",\"itemListElement\":[{\"@type\":\"ListItem\",\"position\":1,\"name\":\"Startseite\",\"item\":\"https:\\\/\\\/1000kmnuerburgring.de\\\/\"},{\"@type\":\"ListItem\",\"position\":2,\"name\":\"Impressum\"}]},{\"@type\":\"WebSite\",\"@id\":\"https:\\\/\\\/1000kmnuerburgring.de\\\/#website\",\"url\":\"https:\\\/\\\/1000kmnuerburgring.de\\\/\",\"name\":\"1000 km Rennen N\u00fcrburgring\",\"description\":\"Das Revival des Langstrecken-Klassikers am N\u00fcrburgring! 19. - 21. September 2025\",\"publisher\":{\"@id\":\"https:\\\/\\\/1000kmnuerburgring.de\\\/#organization\"},\"potentialAction\":[{\"@type\":\"SearchAction\",\"target\":{\"@type\":\"EntryPoint\",\"urlTemplate\":\"https:\\\/\\\/1000kmnuerburgring.de\\\/?s={search_term_string}\"},\"query-input\":{\"@type\":\"PropertyValueSpecification\",\"valueRequired\":true,\"valueName\":\"search_term_string\"}}],\"inLanguage\":\"en-GB\"},{\"@type\":\"Organization\",\"@id\":\"https:\\\/\\\/1000kmnuerburgring.de\\\/#organization\",\"name\":\"ADAC 1000 Kilometer Rennen\",\"url\":\"https:\\\/\\\/1000kmnuerburgring.de\\\/\",\"logo\":{\"@type\":\"ImageObject\",\"inLanguage\":\"en-GB\",\"@id\":\"https:\\\/\\\/1000kmnuerburgring.de\\\/#\\\/schema\\\/logo\\\/image\\\/\",\"url\":\"https:\\\/\\\/1000kmnuerburgring.de\\\/wp-content\\\/uploads\\\/2020\\\/06\\\/Logo.png\",\"contentUrl\":\"https:\\\/\\\/1000kmnuerburgring.de\\\/wp-content\\\/uploads\\\/2020\\\/06\\\/Logo.png\",\"width\":250,\"height\":170,\"caption\":\"ADAC 1000 Kilometer Rennen\"},\"image\":{\"@id\":\"https:\\\/\\\/1000kmnuerburgring.de\\\/#\\\/schema\\\/logo\\\/image\\\/\"},\"sameAs\":[\"https:\\\/\\\/www.facebook.com\\\/1000kmnuerburgring\",\"https:\\\/\\\/www.instagram.com\\\/1000kmnuerburgring\\\/\"]}]}<\/script>\n<!-- \/ Yoast SEO plugin. -->","yoast_head_json":{"title":"Impressum - 1000 km Rennen N\u00fcrburgring","robots":{"index":"noindex","follow":"nofollow"},"og_locale":"en_GB","og_type":"article","og_title":"Impressum - 1000 km Rennen N\u00fcrburgring","og_description":"Impressum DAMC 05 Veranstaltungs-GmbHMotorworld K\u00f6lnButzweiler Stra\u00dfe 35-3950829 K\u00f6lnDeutschlandTelefon: +49 (0) 2236 39 59 660\u00a0 (09.00-18.00 Uhr)E-Mail: info@1000kmnuerburgring.deHomepage: 1000kmnuerburgring.de\u00a0Gesch\u00e4ftsf\u00fchrer:\u00a0Henning MeyersrenkenGesch\u00e4ftsf\u00fchrer: Stefan EckhardtHandelsregistergericht:\u00a0Amtsgericht K\u00f6ln HRB 35607Steuernummer:\u00a0219\/5854\/1103Ideeller Tr\u00e4ger:D\u00fcsseldorfer Automobil- und Motorsport-Club 05 e.V. im ADACPostfach 110122D-40501 D\u00fcsseldorfOrtsclub des ADAC Nordrhein e.V. K\u00f6lnInternet-Projektierung \/ Inhaltlich Verantwortlichergem\u00e4\u00df \u00a710 Absatz 3 MDStV:Henning MeyersrenkenLuxemburger Str. 15050937 K\u00f6ln\u00a0Gestaltung &amp; Administration:Dipl. Grafik-Designer Ren\u00e9 HeyGrafik-Design&hellip;&nbsp;Read More &raquo;Impressum","og_url":"https:\/\/1000kmnuerburgring.de\/en\/impressum\/","og_site_name":"1000 km Rennen N\u00fcrburgring","article_publisher":"https:\/\/www.facebook.com\/1000kmnuerburgring","article_modified_time":"2024-10-11T16:30:19+00:00","schema":{"@context":"https:\/\/schema.org","@graph":[{"@type":"WebPage","@id":"https:\/\/1000kmnuerburgring.de\/impressum\/","url":"https:\/\/1000kmnuerburgring.de\/impressum\/","name":"Impressum - 1000 km Rennen N\u00fcrburgring","isPartOf":{"@id":"https:\/\/1000kmnuerburgring.de\/#website"},"datePublished":"2020-06-12T09:31:25+00:00","dateModified":"2024-10-11T16:30:19+00:00","breadcrumb":{"@id":"https:\/\/1000kmnuerburgring.de\/impressum\/#breadcrumb"},"inLanguage":"en-GB","potentialAction":[{"@type":"ReadAction","target":["https:\/\/1000kmnuerburgring.de\/impressum\/"]}]},{"@type":"BreadcrumbList","@id":"https:\/\/1000kmnuerburgring.de\/impressum\/#breadcrumb","itemListElement":[{"@type":"ListItem","position":1,"name":"Startseite","item":"https:\/\/1000kmnuerburgring.de\/"},{"@type":"ListItem","position":2,"name":"Impressum"}]},{"@type":"WebSite","@id":"https:\/\/1000kmnuerburgring.de\/#website","url":"https:\/\/1000kmnuerburgring.de\/","name":"1000 km Rennen N\u00fcrburgring","description":"Das Revival des Langstrecken-Klassikers am N\u00fcrburgring! 19. - 21. September 2025","publisher":{"@id":"https:\/\/1000kmnuerburgring.de\/#organization"},"potentialAction":[{"@type":"SearchAction","target":{"@type":"EntryPoint","urlTemplate":"https:\/\/1000kmnuerburgring.de\/?s={search_term_string}"},"query-input":{"@type":"PropertyValueSpecification","valueRequired":true,"valueName":"search_term_string"}}],"inLanguage":"en-GB"},{"@type":"Organization","@id":"https:\/\/1000kmnuerburgring.de\/#organization","name":"ADAC 1000 Kilometer Rennen","url":"https:\/\/1000kmnuerburgring.de\/","logo":{"@type":"ImageObject","inLanguage":"en-GB","@id":"https:\/\/1000kmnuerburgring.de\/#\/schema\/logo\/image\/","url":"https:\/\/1000kmnuerburgring.de\/wp-content\/uploads\/2020\/06\/Logo.png","contentUrl":"https:\/\/1000kmnuerburgring.de\/wp-content\/uploads\/2020\/06\/Logo.png","width":250,"height":170,"caption":"ADAC 1000 Kilometer Rennen"},"image":{"@id":"https:\/\/1000kmnuerburgring.de\/#\/schema\/logo\/image\/"},"sameAs":["https:\/\/www.facebook.com\/1000kmnuerburgring","https:\/\/www.instagram.com\/1000kmnuerburgring\/"]}]}},"_links":{"self":[{"href":"https:\/\/1000kmnuerburgring.de\/en\/wp-json\/wp\/v2\/pages\/276","targetHints":{"allow":["GET"]}}],"collection":[{"href":"https:\/\/1000kmnuerburgring.de\/en\/wp-json\/wp\/v2\/pages"}],"about":[{"href":"https:\/\/1000kmnuerburgring.de\/en\/wp-json\/wp\/v2\/types\/page"}],"author":[{"embeddable":true,"href":"https:\/\/1000kmnuerburgring.de\/en\/wp-json\/wp\/v2\/users\/1"}],"replies":[{"embeddable":true,"href":"https:\/\/1000kmnuerburgring.de\/en\/wp-json\/wp\/v2\/comments?post=276"}],"version-history":[{"count":67,"href":"https:\/\/1000kmnuerburgring.de\/en\/wp-json\/wp\/v2\/pages\/276\/revisions"}],"predecessor-version":[{"id":5492,"href":"https:\/\/1000kmnuerburgring.de\/en\/wp-json\/wp\/v2\/pages\/276\/revisions\/5492"}],"wp:attachment":[{"href":"https:\/\/1000kmnuerburgring.de\/en\/wp-json\/wp\/v2\/media?parent=276"}],"curies":[{"name":"wp","href":"https:\/\/api.w.org\/{rel}","templated":true}]}}