{"id":248,"date":"2020-06-12T11:24:00","date_gmt":"2020-06-12T09:24:00","guid":{"rendered":"https:\/\/1000kmnuerburgring.de\/?page_id=248"},"modified":"2024-10-11T18:31:43","modified_gmt":"2024-10-11T16:31:43","slug":"datenschutzerklaerung","status":"publish","type":"page","link":"https:\/\/1000kmnuerburgring.de\/en\/datenschutzerklaerung\/","title":{"rendered":"Privacy policy"},"content":{"rendered":"<div data-elementor-type=\"wp-page\" data-elementor-id=\"248\" class=\"elementor elementor-248\">\n\t\t\t\t\t\t<section class=\"elementor-section elementor-top-section elementor-element elementor-element-276ffb15 elementor-section-boxed elementor-section-height-default elementor-section-height-default\" data-id=\"276ffb15\" data-element_type=\"section\" data-e-type=\"section\">\n\t\t\t\t\t\t<div class=\"elementor-container elementor-column-gap-default\">\n\t\t\t\t\t<div class=\"elementor-column elementor-col-100 elementor-top-column elementor-element elementor-element-7344e576\" data-id=\"7344e576\" data-element_type=\"column\" data-e-type=\"column\">\n\t\t\t<div class=\"elementor-widget-wrap elementor-element-populated\">\n\t\t\t\t\t\t<div class=\"elementor-element elementor-element-ae49a12 elementor-widget elementor-widget-heading\" data-id=\"ae49a12\" data-element_type=\"widget\" data-e-type=\"widget\" data-widget_type=\"heading.default\">\n\t\t\t\t<div class=\"elementor-widget-container\">\n\t\t\t\t\t<h1 class=\"elementor-heading-title elementor-size-default\">Privacy policy<\/h1>\t\t\t\t<\/div>\n\t\t\t\t<\/div>\n\t\t\t\t<div class=\"elementor-element elementor-element-cfa8434 elementor-widget elementor-widget-text-editor\" data-id=\"cfa8434\" data-element_type=\"widget\" data-e-type=\"widget\" data-widget_type=\"text-editor.default\">\n\t\t\t\t<div class=\"elementor-widget-container\">\n\t\t\t\t\t\t\t\t\t<p><\/p>\n<p>Die DAMC 05 Veranstaltungs-GmbH nimmt den Schutz Ihrer pers\u00f6nlichen Daten sehr ernst. Die nachfolgende Erkl\u00e4rung gibt Ihnen einen \u00dcberblick dar\u00fcber, welche personenbezogenen Daten wir bei einem Besuch unserer Website www.1000kmnuerburgring.de erfassen, zu welchem Zweck wir diese nutzen und wie wir den Schutz Ihrer personenbezogenen Daten bei der Nutzung unserer Website gew\u00e4hrleisten.<\/p>\n<h3 class=\"wp-block-heading\">Verantwortlicher<\/h3>\n<p>Motorworld K\u00f6ln<br \/>Butzweiler Stra\u00dfe 35-39<br \/>50829 K\u00f6ln<br \/>Deutschland<\/p>\n<p>Gesch\u00e4ftsf\u00fchrer: Henning Meyersrenken<br \/>Gesch\u00e4ftsf\u00fchrer: Stefan Eckhardt<\/p>\n<p>Email: <a href=\"mailto:info@1000kmnuerburgring.de\">info@1000kmnuerburgring.de<\/a><\/p>\n<h3>Was sind personenbezogene Daten<\/h3>\n<p>Personenbezogene Daten sind Daten, die sich eigenst\u00e4ndig oder in Verbindung mit anderen Daten einer Person eindeutig zuordnen lassen. Hierunter fallen unter anderem Name, Geburtsdatum, Anschrift, Telefon- u. Faxnummer und Email-Adresse.<\/p>\n<h3>Daten, die wir beim Besuch unserer Website verarbeiten<\/h3>\n<p>Unsere Website erhebt und speichert nach Aufruf automatisch, d.h. ohne dass eine gesonderte Registrierung durch Sie vorgenommen wird, folgende Daten:<\/p>\n<ul>\n<li>Ihren Browsertyp\/Ihre Browserversion;<\/li>\n<li>das von Ihnen verwendete Betriebssystem;<\/li>\n<li>die zuvor von Ihnen besuchte Seite (sog. Reiferer URL);<\/li>\n<li>IP-Adresse des zugreifenden Rechners;<\/li>\n<li>Uhrzeit der Serveranfrage.<\/li>\n<\/ul>\n<p>Diese Daten werden f\u00fcr die technische Verwaltung unserer Website genutzt. Diese Daten werden nach Beendigung der jeweiligen Internetsitzung gel\u00f6scht.<\/p>\n<h3>Daten, die wir verarbeiten, wenn Sie uns kontaktieren<\/h3>\n<p>Wenn Sie uns kontaktieren &#8211; etwa \u00fcber die auf der Website angegebenen E-Mail-Adressen oder Telefonnummern &#8211; verarbeiten wir die Daten, die Sie uns freiwillig mitteilen, wie etwa Ihren Namen, Ihre Anschrift, Ihre E-Mail-Adresse, Ihre Telefon- oder Faxnummer sowie sonstige Angaben, die Sie freiwillig machen, zur Abwicklung Ihrer Kontaktanfrage. Selbstverst\u00e4ndlich verwenden wir diese Daten nur zu diesem Zweck.<\/p>\n<h3>Weitergabe personenbezogener Daten an Dritte<\/h3>\n<p>Wir geben Ihre personenbezogenen Daten nicht an Dritte weiter, es sei denn wir sind rechtlich dazu verpflichtet (z. B. Anfrage einer Beh\u00f6rde) oder berechtigt (z. B. im Rahmen einer Auftragsdatenverarbeitung) oder Sie haben einer Weitergabe an Dritte ausdr\u00fccklich zugestimmt.<\/p>\n<h3>Sperrung und L\u00f6schung personenbezogener Daten<\/h3>\n<p>Nach Erledigung des Zwecks, zu dem die personenbezogenen Daten an uns \u00fcbermittelt worden sind, oder wenn Sie w\u00fcnschen, dass Ihre personenbezogenen Daten gel\u00f6scht werden, werden wird diese Daten l\u00f6schen, es sei denn wir sind zu deren Aufbewahrung gesetzlich verpflichtet, etwa aus steuerlichen Gr\u00fcnden. In diesem Fall werden wir die personenbezogenen Daten zun\u00e4chst sperren, bevor sie von uns mit Ablauf der gesetzlichen Aufbewahrungspflichten gel\u00f6scht werden.<\/p>\n<h3>Cookies<\/h3>\n<p>Unsere Website verwendet sog. Cookies. Hierunter sind kleine Textdateien zu verstehen, die auf Ihrem Rechner abgelegt werden und die Ihr Browser speichert. Cookies dienen dazu, die Website benutzerfreundlicher, effektiver und sicherer zu machen. Unsere Website verwendet Session-Cookies. Diese speichern eine sogenannte Session-ID, mit welcher sich verschiedene Anfragen Ihres Browsers der gemeinsamen Sitzung zuordnen lassen. Dadurch kann Ihr Rechner wiedererkannt werden, wenn Sie auf die Website zur\u00fcckkehren. Die Session-Cookies werden gel\u00f6scht, wenn Sie den Browser schlie\u00dfen. Cookies erleichtern die Bereitstellung unserer Dienste. Mit der Nutzung unserer Dienste erkl\u00e4ren Sie sich damit einverstanden, dass wir Cookies verwenden. Bei erneutem Aufruf unserer Website kann Ihr Browser auf die auf Ihrer Festplatte gespeicherten Cookies zugreifen und diese an den Server unserer Website weiterleiten. Die von uns verwendeten Cookies dienen dazu, Ihre bevorzugten Einstellungen auf dieser Website zu speichern und Sie beim Auffinden der von Ihnen gew\u00fcnschten Informationen zu unserem Dienstleistungsangebot zu unterst\u00fctzen. Weiterhin geben uns bestimmte Cookies Aufschluss dar\u00fcber, wie unsere Website genutzt wird. Indem Sie bei Ihrem ersten Besuch auf unserer Website die dort erscheinende Cookie-Erkl\u00e4rung best\u00e4tigen oder die Website nach dem Anzeigen dieser Erkl\u00e4rung weiter nutzen, stimmen Sie der Speicherung von Cookies auf Ihrem Rechner zu den in dieser Erkl\u00e4rung bezeichneten Zwecken zu. In den meisten Internetbrowsern finden Sie unter dem Men\u00fcpunkt \u201eHilfe&#8220; Informationen dazu, wie Sie das Zulassen von Cookies in technischem Wege unterbinden k\u00f6nnen und mit welcher Einstellung Sie von Ihrem Browser \u00fcber die Platzierung eines neuen Cookies informiert werden. Beachten Sie bitte, dass m\u00f6glicherweise einige Funktionen der Website im Falle deaktivierter Cookies nicht mehr zur Verf\u00fcgung stehen.<\/p>\n<h3>Youtube<\/h3>\n<p>Wir binden Videos der Plattform \u201cYouTube\u201d des Anbieters Google LLC, 1600 Amphitheatre Parkway, Mountain View, CA 94043, USA, ein. Datenschutzerkl\u00e4rung:\u00a0<a href=\"https:\/\/www.google.com\/policies\/privacy\/\">https:\/\/www.google.com\/policies\/privacy\/<\/a>, Opt-Out:\u00a0<a href=\"https:\/\/adssettings.google.com\/authenticated\">https:\/\/adssettings.google.com\/authenticated<\/a>.<\/p>\n<h3>Google Analytics<\/h3>\n<p>Zum Zwecke der bedarfsgerechten Gestaltung und fortlaufenden Optimierung unserer Seiten nutzen wir Google Analytics, ein Webanalysedienst der Google Inc. (<a href=\"https:\/\/www.google.de\/intl\/de\/about\/)\" target=\"_blank\" rel=\"noopener\">https:\/\/www.google.de\/intl\/de\/about\/<\/a>) (1600 Amphitheatre Parkway, Mountain View, CA 94043, USA; im Folgenden &#8222;Google&#8220;). In diesem Zusammenhang werden pseudonymisierte Nutzungsprofile erstellt und Cookies (siehe unter Ziff. 4) verwendet. Die durch den Cookie erzeugten Informationen \u00fcber Ihre Benutzung dieser Website wie<\/p>\n<ul>\n<li>Browser-Typ\/-Version,<\/li>\n<li>verwendetes Betriebssystem,<\/li>\n<li>Referrer-URL (die zuvor besuchte Seite),<\/li>\n<li>Hostname des zugreifenden Rechners (IP-Adresse),<\/li>\n<li>Uhrzeit der Serveranfrage,<\/li>\n<\/ul>\n<p>werden an einen Server von Google in den USA \u00fcbertragen und dort gespeichert. Die Informationen werden verwendet, um die Nutzung der Website auszuwerten, um Reports \u00fcber die Websiteaktivit\u00e4ten zusammenzustellen und um weitere mit der Websitenutzung und der Internetnutzung verbundene Dienstleistungen zu Zwecken der Marktforschung und bedarfsgerechten Gestaltung dieser Internetseiten zu erbringen. Auch werden diese Informationen gegebenenfalls an Dritte \u00fcbertragen, sofern dies gesetzlich vorgeschrieben ist oder soweit Dritte diese Daten im Auftrag verarbeiten. Es wird in keinem Fall Ihre IP-Adresse mit anderen Daten von Google zusammengef\u00fchrt. Die IP-Adressen werden anonymisiert, so dass eine Zuordnung nicht m\u00f6glich ist (IP-Masking).<\/p>\n<p>Sie k\u00f6nnen die Installation der Cookies durch eine entsprechende Einstellung der Browser-Software verhindern; wir weisen jedoch darauf hin, dass in diesem Fall gegebenenfalls nicht s\u00e4mtliche Funktionen dieser Website vollumf\u00e4nglich genutzt werden k\u00f6nnen.<\/p>\n<p>Sie k\u00f6nnen dar\u00fcber hinaus die Erfassung der durch das Cookie erzeugten und auf Ihre Nutzung der Website bezogenen Daten (inkl. Ihrer IP-Adresse) sowie die Verarbeitung dieser Daten durch Google verhindern, indem Sie ein Browser-Add-on herunterladen und installieren (<a href=\"https:\/\/tools.google.com\/dlpage\/gaoptout?hl=de\" target=\"_blank\" rel=\"noopener\">https:\/\/tools.google.com\/dlpage\/gaoptout?hl=de<\/a>).<\/p>\n<p>Alternativ zum Browser-Add-on, insbesondere bei Browsern auf mobilen Endger\u00e4ten, k\u00f6nnen Sie die Erfassung durch Google Analytics zudem verhindern, indem Sie auf diesen Link klicken. Es wird ein Opt-out-Cookie gesetzt, das die zuk\u00fcnftige Erfassung Ihrer Daten beim Besuch dieser Website verhindert. Der Opt-out-Cookie gilt nur in diesem Browser und nur f\u00fcr unsere Website und wird auf Ihrem Ger\u00e4t abgelegt. L\u00f6schen Sie die Cookies in diesem Browser, m\u00fcssen Sie das Opt-out-Cookie erneut setzen.<\/p>\n<p>Weitere Informationen zum Datenschutz im Zusammenhang mit Google Analytics finden Sie etwa in der Google Analytics-Hilfe (<a href=\"https:\/\/support.google.com\/analytics\/answer\/6004245?hl=de\" target=\"_blank\" rel=\"noopener\">https:\/\/support.google.com\/analytics\/answer\/6004245?hl=de<\/a><span style=\"background-color: var(--nv-site-bg); color: var(--nv-text-color); font-family: var(--bodyfontfamily),var(--nv-fallback-ff); font-size: var(--bodyfontsize); font-weight: var(--bodyfontweight); letter-spacing: var(--bodyletterspacing); text-transform: var(--bodytexttransform);\">).<\/span><\/p>\n<h3>Google ReCaptcha<\/h3>\n<p>Im Kontaktformular binden wir die Funktion zur Erkennung von Bots (&#8222;ReCaptcha&#8220;) des Anbieters Google LLC, 1600 Amphitheatre Parkway, Mountain View, CA 94043, USA, ein. Datenschutzerkl\u00e4rung:\u00a0<a href=\"https:\/\/www.google.com\/policies\/privacy\/\">https:\/\/www.google.com\/policies\/privacy\/<\/a>, Opt-Out:\u00a0<a href=\"https:\/\/adssettings.google.com\/authenticated\">https:\/\/adssettings.google.com\/authenticated<\/a>.<\/p>\n<h3>Weiterf\u00fchrende Links<\/h3>\n<p>Unsere Datenschutzerkl\u00e4rung bezieht sich nur auf das Angebot unserer Website. Auf unserer Website k\u00f6nnen Links enthalten sein, die auf fremde Websites verweisen. Auf die so verlinkten fremden Websites bezieht sich diese Datenschutzerkl\u00e4rung ausdr\u00fccklich nicht. Wir empfehlen, die entsprechenden Datenschutzerkl\u00e4rungen und Nutzungsbedingungen zu den verlinkten fremden Websites einzusehen, um Aufschluss dar\u00fcber zu erhalten, welche Daten von diesen Websites erhoben, verarbeitet, gespeichert und genutzt werden.<\/p>\n<h3>\u00c4nderungen dieser Datenschutzerkl\u00e4rung<\/h3>\n<p>Wir behalten uns vor, die Datenschutzerkl\u00e4rung zu \u00e4ndern, um sie an eine ge\u00e4nderte Sach- und Rechtslage anzupassen. In diesem Falle ver\u00f6ffentlichen wir die jeweils neue und sodann aktuelle Fassung dieser Datenschutzerkl\u00e4rung auf unserer Website. Bitte konsultieren Sie daher regelm\u00e4\u00dfig die Datenschutzerkl\u00e4rung auf unserer Website.<\/p>\n<h3>Auskunft und Korrektur<\/h3>\n<p>Sie haben jederzeit das Recht, Auskunft betreffend die \u00fcber Sie gespeicherten Daten, deren Herkunft, Empf\u00e4nger und den Zweck der Speicherung zu erhalten sowie eine Korrektur unrichtiger Daten. Bitte kontaktieren Sie uns hierzu unter den im Impressum dieser Website angegebenen Kontaktdaten.<\/p>\n<p><\/p>\t\t\t\t\t\t\t\t<\/div>\n\t\t\t\t<\/div>\n\t\t\t\t\t<\/div>\n\t\t<\/div>\n\t\t\t\t\t<\/div>\n\t\t<\/section>\n\t\t\t\t<\/div>","protected":false},"excerpt":{"rendered":"<p>Datenschutzerkl\u00e4rung Die DAMC 05 Veranstaltungs-GmbH nimmt den Schutz Ihrer pers\u00f6nlichen Daten sehr ernst. Die nachfolgende Erkl\u00e4rung gibt Ihnen einen \u00dcberblick dar\u00fcber, welche personenbezogenen Daten wir bei einem Besuch unserer Website www.1000kmnuerburgring.de erfassen, zu welchem Zweck wir diese nutzen und wie wir den Schutz Ihrer personenbezogenen Daten bei der Nutzung unserer Website gew\u00e4hrleisten. Verantwortlicher Motorworld K\u00f6lnButzweiler&hellip;&nbsp;<a href=\"https:\/\/1000kmnuerburgring.de\/en\/datenschutzerklaerung\/\" rel=\"bookmark\">Read More &raquo;<span class=\"screen-reader-text\">Privacy policy<\/span><\/a><\/p>","protected":false},"author":1,"featured_media":0,"parent":0,"menu_order":0,"comment_status":"closed","ping_status":"open","template":"elementor_header_footer","meta":{"neve_meta_sidebar":"","neve_meta_container":"","neve_meta_enable_content_width":"off","neve_meta_content_width":0,"neve_meta_title_alignment":"","neve_meta_author_avatar":"","neve_post_elements_order":"","neve_meta_disable_header":"","neve_meta_disable_footer":"","neve_meta_disable_title":"","neve_meta_reading_time":"","ngg_post_thumbnail":0,"footnotes":""},"class_list":["post-248","page","type-page","status-publish","hentry"],"yoast_head":"<!-- This site is optimized with the Yoast SEO plugin v27.4 - https:\/\/yoast.com\/product\/yoast-seo-wordpress\/ -->\n<title>Datenschutzerkl\u00e4rung - 1000 km Rennen N\u00fcrburgring<\/title>\n<meta name=\"robots\" content=\"noindex, nofollow\" \/>\n<meta property=\"og:locale\" content=\"en_GB\" \/>\n<meta property=\"og:type\" content=\"article\" \/>\n<meta property=\"og:title\" content=\"Datenschutzerkl\u00e4rung - 1000 km Rennen N\u00fcrburgring\" \/>\n<meta property=\"og:description\" content=\"Datenschutzerkl\u00e4rung Die DAMC 05 Veranstaltungs-GmbH nimmt den Schutz Ihrer pers\u00f6nlichen Daten sehr ernst. Die nachfolgende Erkl\u00e4rung gibt Ihnen einen \u00dcberblick dar\u00fcber, welche personenbezogenen Daten wir bei einem Besuch unserer Website www.1000kmnuerburgring.de erfassen, zu welchem Zweck wir diese nutzen und wie wir den Schutz Ihrer personenbezogenen Daten bei der Nutzung unserer Website gew\u00e4hrleisten. Verantwortlicher Motorworld K\u00f6lnButzweiler&hellip;&nbsp;Read More &raquo;Datenschutzerkl\u00e4rung\" \/>\n<meta property=\"og:url\" content=\"https:\/\/1000kmnuerburgring.de\/en\/datenschutzerklaerung\/\" \/>\n<meta property=\"og:site_name\" content=\"1000 km Rennen N\u00fcrburgring\" \/>\n<meta property=\"article:publisher\" content=\"https:\/\/www.facebook.com\/1000kmnuerburgring\" \/>\n<meta property=\"article:modified_time\" content=\"2024-10-11T16:31:43+00:00\" \/>\n<script type=\"application\/ld+json\" class=\"yoast-schema-graph\">{\"@context\":\"https:\\\/\\\/schema.org\",\"@graph\":[{\"@type\":\"WebPage\",\"@id\":\"https:\\\/\\\/1000kmnuerburgring.de\\\/datenschutzerklaerung\\\/\",\"url\":\"https:\\\/\\\/1000kmnuerburgring.de\\\/datenschutzerklaerung\\\/\",\"name\":\"Datenschutzerkl\u00e4rung - 1000 km Rennen N\u00fcrburgring\",\"isPartOf\":{\"@id\":\"https:\\\/\\\/1000kmnuerburgring.de\\\/#website\"},\"datePublished\":\"2020-06-12T09:24:00+00:00\",\"dateModified\":\"2024-10-11T16:31:43+00:00\",\"breadcrumb\":{\"@id\":\"https:\\\/\\\/1000kmnuerburgring.de\\\/datenschutzerklaerung\\\/#breadcrumb\"},\"inLanguage\":\"en-GB\",\"potentialAction\":[{\"@type\":\"ReadAction\",\"target\":[\"https:\\\/\\\/1000kmnuerburgring.de\\\/datenschutzerklaerung\\\/\"]}]},{\"@type\":\"BreadcrumbList\",\"@id\":\"https:\\\/\\\/1000kmnuerburgring.de\\\/datenschutzerklaerung\\\/#breadcrumb\",\"itemListElement\":[{\"@type\":\"ListItem\",\"position\":1,\"name\":\"Startseite\",\"item\":\"https:\\\/\\\/1000kmnuerburgring.de\\\/\"},{\"@type\":\"ListItem\",\"position\":2,\"name\":\"Datenschutzerkl\u00e4rung\"}]},{\"@type\":\"WebSite\",\"@id\":\"https:\\\/\\\/1000kmnuerburgring.de\\\/#website\",\"url\":\"https:\\\/\\\/1000kmnuerburgring.de\\\/\",\"name\":\"1000 km Rennen N\u00fcrburgring\",\"description\":\"Das Revival des Langstrecken-Klassikers am N\u00fcrburgring! 19. - 21. September 2025\",\"publisher\":{\"@id\":\"https:\\\/\\\/1000kmnuerburgring.de\\\/#organization\"},\"potentialAction\":[{\"@type\":\"SearchAction\",\"target\":{\"@type\":\"EntryPoint\",\"urlTemplate\":\"https:\\\/\\\/1000kmnuerburgring.de\\\/?s={search_term_string}\"},\"query-input\":{\"@type\":\"PropertyValueSpecification\",\"valueRequired\":true,\"valueName\":\"search_term_string\"}}],\"inLanguage\":\"en-GB\"},{\"@type\":\"Organization\",\"@id\":\"https:\\\/\\\/1000kmnuerburgring.de\\\/#organization\",\"name\":\"ADAC 1000 Kilometer Rennen\",\"url\":\"https:\\\/\\\/1000kmnuerburgring.de\\\/\",\"logo\":{\"@type\":\"ImageObject\",\"inLanguage\":\"en-GB\",\"@id\":\"https:\\\/\\\/1000kmnuerburgring.de\\\/#\\\/schema\\\/logo\\\/image\\\/\",\"url\":\"https:\\\/\\\/1000kmnuerburgring.de\\\/wp-content\\\/uploads\\\/2020\\\/06\\\/Logo.png\",\"contentUrl\":\"https:\\\/\\\/1000kmnuerburgring.de\\\/wp-content\\\/uploads\\\/2020\\\/06\\\/Logo.png\",\"width\":250,\"height\":170,\"caption\":\"ADAC 1000 Kilometer Rennen\"},\"image\":{\"@id\":\"https:\\\/\\\/1000kmnuerburgring.de\\\/#\\\/schema\\\/logo\\\/image\\\/\"},\"sameAs\":[\"https:\\\/\\\/www.facebook.com\\\/1000kmnuerburgring\",\"https:\\\/\\\/www.instagram.com\\\/1000kmnuerburgring\\\/\"]}]}<\/script>\n<!-- \/ Yoast SEO plugin. -->","yoast_head_json":{"title":"Datenschutzerkl\u00e4rung - 1000 km Rennen N\u00fcrburgring","robots":{"index":"noindex","follow":"nofollow"},"og_locale":"en_GB","og_type":"article","og_title":"Datenschutzerkl\u00e4rung - 1000 km Rennen N\u00fcrburgring","og_description":"Datenschutzerkl\u00e4rung Die DAMC 05 Veranstaltungs-GmbH nimmt den Schutz Ihrer pers\u00f6nlichen Daten sehr ernst. Die nachfolgende Erkl\u00e4rung gibt Ihnen einen \u00dcberblick dar\u00fcber, welche personenbezogenen Daten wir bei einem Besuch unserer Website www.1000kmnuerburgring.de erfassen, zu welchem Zweck wir diese nutzen und wie wir den Schutz Ihrer personenbezogenen Daten bei der Nutzung unserer Website gew\u00e4hrleisten. Verantwortlicher Motorworld K\u00f6lnButzweiler&hellip;&nbsp;Read More &raquo;Datenschutzerkl\u00e4rung","og_url":"https:\/\/1000kmnuerburgring.de\/en\/datenschutzerklaerung\/","og_site_name":"1000 km Rennen N\u00fcrburgring","article_publisher":"https:\/\/www.facebook.com\/1000kmnuerburgring","article_modified_time":"2024-10-11T16:31:43+00:00","schema":{"@context":"https:\/\/schema.org","@graph":[{"@type":"WebPage","@id":"https:\/\/1000kmnuerburgring.de\/datenschutzerklaerung\/","url":"https:\/\/1000kmnuerburgring.de\/datenschutzerklaerung\/","name":"Datenschutzerkl\u00e4rung - 1000 km Rennen N\u00fcrburgring","isPartOf":{"@id":"https:\/\/1000kmnuerburgring.de\/#website"},"datePublished":"2020-06-12T09:24:00+00:00","dateModified":"2024-10-11T16:31:43+00:00","breadcrumb":{"@id":"https:\/\/1000kmnuerburgring.de\/datenschutzerklaerung\/#breadcrumb"},"inLanguage":"en-GB","potentialAction":[{"@type":"ReadAction","target":["https:\/\/1000kmnuerburgring.de\/datenschutzerklaerung\/"]}]},{"@type":"BreadcrumbList","@id":"https:\/\/1000kmnuerburgring.de\/datenschutzerklaerung\/#breadcrumb","itemListElement":[{"@type":"ListItem","position":1,"name":"Startseite","item":"https:\/\/1000kmnuerburgring.de\/"},{"@type":"ListItem","position":2,"name":"Datenschutzerkl\u00e4rung"}]},{"@type":"WebSite","@id":"https:\/\/1000kmnuerburgring.de\/#website","url":"https:\/\/1000kmnuerburgring.de\/","name":"1000 km Rennen N\u00fcrburgring","description":"Das Revival des Langstrecken-Klassikers am N\u00fcrburgring! 19. - 21. September 2025","publisher":{"@id":"https:\/\/1000kmnuerburgring.de\/#organization"},"potentialAction":[{"@type":"SearchAction","target":{"@type":"EntryPoint","urlTemplate":"https:\/\/1000kmnuerburgring.de\/?s={search_term_string}"},"query-input":{"@type":"PropertyValueSpecification","valueRequired":true,"valueName":"search_term_string"}}],"inLanguage":"en-GB"},{"@type":"Organization","@id":"https:\/\/1000kmnuerburgring.de\/#organization","name":"ADAC 1000 Kilometer Rennen","url":"https:\/\/1000kmnuerburgring.de\/","logo":{"@type":"ImageObject","inLanguage":"en-GB","@id":"https:\/\/1000kmnuerburgring.de\/#\/schema\/logo\/image\/","url":"https:\/\/1000kmnuerburgring.de\/wp-content\/uploads\/2020\/06\/Logo.png","contentUrl":"https:\/\/1000kmnuerburgring.de\/wp-content\/uploads\/2020\/06\/Logo.png","width":250,"height":170,"caption":"ADAC 1000 Kilometer Rennen"},"image":{"@id":"https:\/\/1000kmnuerburgring.de\/#\/schema\/logo\/image\/"},"sameAs":["https:\/\/www.facebook.com\/1000kmnuerburgring","https:\/\/www.instagram.com\/1000kmnuerburgring\/"]}]}},"_links":{"self":[{"href":"https:\/\/1000kmnuerburgring.de\/en\/wp-json\/wp\/v2\/pages\/248","targetHints":{"allow":["GET"]}}],"collection":[{"href":"https:\/\/1000kmnuerburgring.de\/en\/wp-json\/wp\/v2\/pages"}],"about":[{"href":"https:\/\/1000kmnuerburgring.de\/en\/wp-json\/wp\/v2\/types\/page"}],"author":[{"embeddable":true,"href":"https:\/\/1000kmnuerburgring.de\/en\/wp-json\/wp\/v2\/users\/1"}],"replies":[{"embeddable":true,"href":"https:\/\/1000kmnuerburgring.de\/en\/wp-json\/wp\/v2\/comments?post=248"}],"version-history":[{"count":35,"href":"https:\/\/1000kmnuerburgring.de\/en\/wp-json\/wp\/v2\/pages\/248\/revisions"}],"predecessor-version":[{"id":5495,"href":"https:\/\/1000kmnuerburgring.de\/en\/wp-json\/wp\/v2\/pages\/248\/revisions\/5495"}],"wp:attachment":[{"href":"https:\/\/1000kmnuerburgring.de\/en\/wp-json\/wp\/v2\/media?parent=248"}],"curies":[{"name":"wp","href":"https:\/\/api.w.org\/{rel}","templated":true}]}}